{"id":4370,"date":"2020-12-27T08:10:12","date_gmt":"2020-12-27T08:10:12","guid":{"rendered":"https:\/\/thecleaningcrew.be\/?page_id=4370"},"modified":"2020-12-28T00:11:18","modified_gmt":"2020-12-28T00:11:18","slug":"notre-approche","status":"publish","type":"page","link":"https:\/\/thecleaningcrew.be\/fr\/notre-approche\/","title":{"rendered":"Notre approche"},"content":{"rendered":"<h2 style=\"\">The Cleaning Crew vous ravira. Voici pourquoi en six \u00e9tapes :<\/h2>\n<h3>1 Visite :<\/h3>\n<p>The Cleaning Crew se rend toujours une premi\u00e8re fois chez le client.<\/p>\n<h3>2 Analyse :<\/h3>\n<p>les diff\u00e9rentes t\u00e2ches sont minutieusement inspect\u00e9es.<\/p>\n<h3>3. Briefing : <\/h3>\n<p>le client re\u00e7oit un rapport de visite.<\/p>\n<h3>4. Offre gratuite :<\/h3>\n<p>le client re\u00e7oit une offre gratuite bas\u00e9e sur le briefing.<\/p>\n<h3>5. Planning : <\/h3>\n<p>si l\u2019offre satisfait le client, The Cleaning Crew planifie les diff\u00e9rents services de nettoyage \u00e0 pr\u00e9voir (t\u00f4t le matin, voire le weekend si n\u00e9cessaire).<\/p>\n<h3>6. Ex\u00e9cution <\/h3>\n<p>une \u00e9quipe de professionnels du nettoyage se rend chez le client au moment convenu pour effectuer le nettoyage avec du mat\u00e9riel de qualit\u00e9 et l\u2019exp\u00e9rience n\u00e9cessaire pour obtenir un r\u00e9sultat final impeccable.<\/p>\n<p>\t\t\t\t\t\t\t\t\t\t<img decoding=\"async\" width=\"469\" height=\"596\" src=\"https:\/\/thecleaningcrew.be\/wp-content\/uploads\/2019\/07\/about1.jpg\" alt=\"\" loading=\"lazy\" srcset=\"https:\/\/thecleaningcrew.be\/wp-content\/uploads\/2019\/07\/about1.jpg 469w, https:\/\/thecleaningcrew.be\/wp-content\/uploads\/2019\/07\/about1-236x300.jpg 236w\" sizes=\"auto, (max-width: 469px) 100vw, 469px\" \/>\t\t\t\t\t\t\t\t\t\t\t<\/p>\n<h2 style=\" color: #ffffff;\">Contactez The Cleaning Crew\t\t\t\t\t<\/h2>\n<p>\t\t\t\t\t\t\t\tVous voulez conna\u00eetre les prix appliqu\u00e9s par The Cleaning Crew?<br \/>\nDemandez sans attendre une offre gratuite et d\u00e9couvrez notre excellent rapport qualit\u00e9\/prix ainsi que notre grande flexibilit\u00e9.<br \/>\n\t\t\t\t\t\t<a href=\"https:\/\/thecleaningcrew.be\/fr\/contactez-nous\/\">Devis gratuit<\/a><\/p>\n","protected":false},"excerpt":{"rendered":"<p>The Cleaning Crew vous ravira. Voici pourquoi en six \u00e9tapes : 1 Visite : The Cleaning Crew se rend toujours une premi\u00e8re fois chez le client. 2 Analyse : les diff\u00e9rentes t\u00e2ches sont minutieusement inspect\u00e9es. 3. Briefing : le client re\u00e7oit un rapport de visite. 4. Offre gratuite : le client re\u00e7oit une offre gratuite [&hellip;]<\/p>\n","protected":false},"author":1,"featured_media":0,"parent":0,"menu_order":0,"comment_status":"closed","ping_status":"closed","template":"","meta":{"footnotes":""},"class_list":["post-4370","page","type-page","status-publish","hentry"],"yoast_head":"<!-- This site is optimized with the Yoast SEO plugin v27.3 - https:\/\/yoast.com\/product\/yoast-seo-wordpress\/ -->\n<title>Notre approche - The Cleaning Crew<\/title>\n<meta name=\"robots\" content=\"index, follow, max-snippet:-1, max-image-preview:large, max-video-preview:-1\" \/>\n<link rel=\"canonical\" href=\"https:\/\/thecleaningcrew.be\/fr\/notre-approche\/\" \/>\n<meta property=\"og:locale\" content=\"fr_FR\" \/>\n<meta property=\"og:type\" content=\"article\" \/>\n<meta property=\"og:title\" content=\"Notre approche - The Cleaning Crew\" \/>\n<meta property=\"og:description\" content=\"The Cleaning Crew vous ravira. Voici pourquoi en six \u00e9tapes : 1 Visite : The Cleaning Crew se rend toujours une premi\u00e8re fois chez le client. 2 Analyse : les diff\u00e9rentes t\u00e2ches sont minutieusement inspect\u00e9es. 3. Briefing : le client re\u00e7oit un rapport de visite. 4. Offre gratuite : le client re\u00e7oit une offre gratuite [&hellip;]\" \/>\n<meta property=\"og:url\" content=\"https:\/\/thecleaningcrew.be\/fr\/notre-approche\/\" \/>\n<meta property=\"og:site_name\" content=\"The Cleaning Crew\" \/>\n<meta property=\"article:modified_time\" content=\"2020-12-28T00:11:18+00:00\" \/>\n<meta property=\"og:image\" content=\"https:\/\/thecleaningcrew.be\/wp-content\/uploads\/2019\/07\/about1.jpg\" \/>\n<meta name=\"twitter:card\" content=\"summary_large_image\" \/>\n<meta name=\"twitter:label1\" content=\"Dur\u00e9e de lecture estim\u00e9e\" \/>\n\t<meta name=\"twitter:data1\" content=\"1 minute\" \/>\n<script type=\"application\/ld+json\" class=\"yoast-schema-graph\">{\"@context\":\"https:\\\/\\\/schema.org\",\"@graph\":[{\"@type\":\"WebPage\",\"@id\":\"https:\\\/\\\/thecleaningcrew.be\\\/fr\\\/notre-approche\\\/\",\"url\":\"https:\\\/\\\/thecleaningcrew.be\\\/fr\\\/notre-approche\\\/\",\"name\":\"Notre approche - The Cleaning Crew\",\"isPartOf\":{\"@id\":\"https:\\\/\\\/thecleaningcrew.be\\\/fr\\\/#website\"},\"primaryImageOfPage\":{\"@id\":\"https:\\\/\\\/thecleaningcrew.be\\\/fr\\\/notre-approche\\\/#primaryimage\"},\"image\":{\"@id\":\"https:\\\/\\\/thecleaningcrew.be\\\/fr\\\/notre-approche\\\/#primaryimage\"},\"thumbnailUrl\":\"https:\\\/\\\/thecleaningcrew.be\\\/wp-content\\\/uploads\\\/2019\\\/07\\\/about1.jpg\",\"datePublished\":\"2020-12-27T08:10:12+00:00\",\"dateModified\":\"2020-12-28T00:11:18+00:00\",\"breadcrumb\":{\"@id\":\"https:\\\/\\\/thecleaningcrew.be\\\/fr\\\/notre-approche\\\/#breadcrumb\"},\"inLanguage\":\"fr-FR\",\"potentialAction\":[{\"@type\":\"ReadAction\",\"target\":[\"https:\\\/\\\/thecleaningcrew.be\\\/fr\\\/notre-approche\\\/\"]}]},{\"@type\":\"ImageObject\",\"inLanguage\":\"fr-FR\",\"@id\":\"https:\\\/\\\/thecleaningcrew.be\\\/fr\\\/notre-approche\\\/#primaryimage\",\"url\":\"https:\\\/\\\/thecleaningcrew.be\\\/wp-content\\\/uploads\\\/2019\\\/07\\\/about1.jpg\",\"contentUrl\":\"https:\\\/\\\/thecleaningcrew.be\\\/wp-content\\\/uploads\\\/2019\\\/07\\\/about1.jpg\"},{\"@type\":\"BreadcrumbList\",\"@id\":\"https:\\\/\\\/thecleaningcrew.be\\\/fr\\\/notre-approche\\\/#breadcrumb\",\"itemListElement\":[{\"@type\":\"ListItem\",\"position\":1,\"name\":\"Home\",\"item\":\"https:\\\/\\\/thecleaningcrew.be\\\/fr\\\/\"},{\"@type\":\"ListItem\",\"position\":2,\"name\":\"Notre approche\"}]},{\"@type\":\"WebSite\",\"@id\":\"https:\\\/\\\/thecleaningcrew.be\\\/fr\\\/#website\",\"url\":\"https:\\\/\\\/thecleaningcrew.be\\\/fr\\\/\",\"name\":\"The Cleaning Crew\",\"description\":\"\",\"publisher\":{\"@id\":\"https:\\\/\\\/thecleaningcrew.be\\\/fr\\\/#organization\"},\"potentialAction\":[{\"@type\":\"SearchAction\",\"target\":{\"@type\":\"EntryPoint\",\"urlTemplate\":\"https:\\\/\\\/thecleaningcrew.be\\\/fr\\\/?s={search_term_string}\"},\"query-input\":{\"@type\":\"PropertyValueSpecification\",\"valueRequired\":true,\"valueName\":\"search_term_string\"}}],\"inLanguage\":\"fr-FR\"},{\"@type\":\"Organization\",\"@id\":\"https:\\\/\\\/thecleaningcrew.be\\\/fr\\\/#organization\",\"name\":\"The Cleaning Crew\",\"url\":\"https:\\\/\\\/thecleaningcrew.be\\\/fr\\\/\",\"logo\":{\"@type\":\"ImageObject\",\"inLanguage\":\"fr-FR\",\"@id\":\"https:\\\/\\\/thecleaningcrew.be\\\/fr\\\/#\\\/schema\\\/logo\\\/image\\\/\",\"url\":\"https:\\\/\\\/thecleaningcrew.be\\\/wp-content\\\/uploads\\\/2020\\\/12\\\/330704277_the_cleaning_crew_cgf_logo.png\",\"contentUrl\":\"https:\\\/\\\/thecleaningcrew.be\\\/wp-content\\\/uploads\\\/2020\\\/12\\\/330704277_the_cleaning_crew_cgf_logo.png\",\"width\":504,\"height\":277,\"caption\":\"The Cleaning Crew\"},\"image\":{\"@id\":\"https:\\\/\\\/thecleaningcrew.be\\\/fr\\\/#\\\/schema\\\/logo\\\/image\\\/\"}}]}<\/script>\n<!-- \/ Yoast SEO plugin. -->","yoast_head_json":{"title":"Notre approche - The Cleaning Crew","robots":{"index":"index","follow":"follow","max-snippet":"max-snippet:-1","max-image-preview":"max-image-preview:large","max-video-preview":"max-video-preview:-1"},"canonical":"https:\/\/thecleaningcrew.be\/fr\/notre-approche\/","og_locale":"fr_FR","og_type":"article","og_title":"Notre approche - The Cleaning Crew","og_description":"The Cleaning Crew vous ravira. Voici pourquoi en six \u00e9tapes : 1 Visite : The Cleaning Crew se rend toujours une premi\u00e8re fois chez le client. 2 Analyse : les diff\u00e9rentes t\u00e2ches sont minutieusement inspect\u00e9es. 3. Briefing : le client re\u00e7oit un rapport de visite. 4. Offre gratuite : le client re\u00e7oit une offre gratuite [&hellip;]","og_url":"https:\/\/thecleaningcrew.be\/fr\/notre-approche\/","og_site_name":"The Cleaning Crew","article_modified_time":"2020-12-28T00:11:18+00:00","og_image":[{"url":"https:\/\/thecleaningcrew.be\/wp-content\/uploads\/2019\/07\/about1.jpg","type":"","width":"","height":""}],"twitter_card":"summary_large_image","twitter_misc":{"Dur\u00e9e de lecture estim\u00e9e":"1 minute"},"schema":{"@context":"https:\/\/schema.org","@graph":[{"@type":"WebPage","@id":"https:\/\/thecleaningcrew.be\/fr\/notre-approche\/","url":"https:\/\/thecleaningcrew.be\/fr\/notre-approche\/","name":"Notre approche - The Cleaning Crew","isPartOf":{"@id":"https:\/\/thecleaningcrew.be\/fr\/#website"},"primaryImageOfPage":{"@id":"https:\/\/thecleaningcrew.be\/fr\/notre-approche\/#primaryimage"},"image":{"@id":"https:\/\/thecleaningcrew.be\/fr\/notre-approche\/#primaryimage"},"thumbnailUrl":"https:\/\/thecleaningcrew.be\/wp-content\/uploads\/2019\/07\/about1.jpg","datePublished":"2020-12-27T08:10:12+00:00","dateModified":"2020-12-28T00:11:18+00:00","breadcrumb":{"@id":"https:\/\/thecleaningcrew.be\/fr\/notre-approche\/#breadcrumb"},"inLanguage":"fr-FR","potentialAction":[{"@type":"ReadAction","target":["https:\/\/thecleaningcrew.be\/fr\/notre-approche\/"]}]},{"@type":"ImageObject","inLanguage":"fr-FR","@id":"https:\/\/thecleaningcrew.be\/fr\/notre-approche\/#primaryimage","url":"https:\/\/thecleaningcrew.be\/wp-content\/uploads\/2019\/07\/about1.jpg","contentUrl":"https:\/\/thecleaningcrew.be\/wp-content\/uploads\/2019\/07\/about1.jpg"},{"@type":"BreadcrumbList","@id":"https:\/\/thecleaningcrew.be\/fr\/notre-approche\/#breadcrumb","itemListElement":[{"@type":"ListItem","position":1,"name":"Home","item":"https:\/\/thecleaningcrew.be\/fr\/"},{"@type":"ListItem","position":2,"name":"Notre approche"}]},{"@type":"WebSite","@id":"https:\/\/thecleaningcrew.be\/fr\/#website","url":"https:\/\/thecleaningcrew.be\/fr\/","name":"The Cleaning Crew","description":"","publisher":{"@id":"https:\/\/thecleaningcrew.be\/fr\/#organization"},"potentialAction":[{"@type":"SearchAction","target":{"@type":"EntryPoint","urlTemplate":"https:\/\/thecleaningcrew.be\/fr\/?s={search_term_string}"},"query-input":{"@type":"PropertyValueSpecification","valueRequired":true,"valueName":"search_term_string"}}],"inLanguage":"fr-FR"},{"@type":"Organization","@id":"https:\/\/thecleaningcrew.be\/fr\/#organization","name":"The Cleaning Crew","url":"https:\/\/thecleaningcrew.be\/fr\/","logo":{"@type":"ImageObject","inLanguage":"fr-FR","@id":"https:\/\/thecleaningcrew.be\/fr\/#\/schema\/logo\/image\/","url":"https:\/\/thecleaningcrew.be\/wp-content\/uploads\/2020\/12\/330704277_the_cleaning_crew_cgf_logo.png","contentUrl":"https:\/\/thecleaningcrew.be\/wp-content\/uploads\/2020\/12\/330704277_the_cleaning_crew_cgf_logo.png","width":504,"height":277,"caption":"The Cleaning Crew"},"image":{"@id":"https:\/\/thecleaningcrew.be\/fr\/#\/schema\/logo\/image\/"}}]}},"_links":{"self":[{"href":"https:\/\/thecleaningcrew.be\/fr\/wp-json\/wp\/v2\/pages\/4370","targetHints":{"allow":["GET"]}}],"collection":[{"href":"https:\/\/thecleaningcrew.be\/fr\/wp-json\/wp\/v2\/pages"}],"about":[{"href":"https:\/\/thecleaningcrew.be\/fr\/wp-json\/wp\/v2\/types\/page"}],"author":[{"embeddable":true,"href":"https:\/\/thecleaningcrew.be\/fr\/wp-json\/wp\/v2\/users\/1"}],"replies":[{"embeddable":true,"href":"https:\/\/thecleaningcrew.be\/fr\/wp-json\/wp\/v2\/comments?post=4370"}],"version-history":[{"count":0,"href":"https:\/\/thecleaningcrew.be\/fr\/wp-json\/wp\/v2\/pages\/4370\/revisions"}],"wp:attachment":[{"href":"https:\/\/thecleaningcrew.be\/fr\/wp-json\/wp\/v2\/media?parent=4370"}],"curies":[{"name":"wp","href":"https:\/\/api.w.org\/{rel}","templated":true}]}}